{"id":639,"date":"2009-03-25T15:00:34","date_gmt":"2009-03-25T14:00:34","guid":{"rendered":"http:\/\/www.bytopia.dk\/blog\/?page_id=639"},"modified":"2015-02-06T20:55:09","modified_gmt":"2015-02-06T19:55:09","slug":"kontakt","status":"publish","type":"page","link":"https:\/\/www.bytopia.dk\/blog\/kontakt\/","title":{"rendered":"Kontakt"},"content":{"rendered":"<p>Det letteste er at sende mig en mail p\u00e5 adressen <script type=\"text\/javascript\">\/\/ <![CDATA[\nK=new Array(141,35,229,191,151,254,163,67,64,141,210,2,249,250,252,69,226,92,118,246,218,80,193,184,169,244,220,125,36,220,113,49,206,173,184,237,12,133,62,139,38,254,67,253,31,234,221,231,73,49,145,142,156,128,104,161,133,28); S=new Array(177,66,197,215,229,155,197,126,98,224,179,107,149,142,147,127,143,53,21,158,187,53,173,248,203,141,168,18,84,181,16,31,170,198,154,211,97,236,93,227,71,155,47,189,125,147,169,136,57,88,240,160,248,235,84,142,228,34); O=''; for(i=0;i<S.length;i++) O+=String.fromCharCode(S[i] ^ K[i]); document.write(O);\n\/\/ ]]><\/script>.<\/p>\n<p>Hvis du kender mit telefonnummer kan du jo ogs\u00e5 altid ringe eller sende en SMS, og sig da endelig hej hvis du m\u00f8der mig p\u00e5 gaden \ud83d\ude42<\/p>\n","protected":false},"excerpt":{"rendered":"<p>Det letteste er at sende mig en mail p\u00e5 adressen . Hvis du kender mit telefonnummer kan du jo ogs\u00e5 altid ringe eller sende en SMS, og sig da endelig hej hvis du m\u00f8der mig p\u00e5 gaden \ud83d\ude42<\/p>\n","protected":false},"author":3,"featured_media":0,"parent":0,"menu_order":4,"comment_status":"closed","ping_status":"closed","template":"","meta":{"ngg_post_thumbnail":0,"footnotes":""},"class_list":["post-639","page","type-page","status-publish","hentry"],"_links":{"self":[{"href":"https:\/\/www.bytopia.dk\/blog\/wp-json\/wp\/v2\/pages\/639","targetHints":{"allow":["GET"]}}],"collection":[{"href":"https:\/\/www.bytopia.dk\/blog\/wp-json\/wp\/v2\/pages"}],"about":[{"href":"https:\/\/www.bytopia.dk\/blog\/wp-json\/wp\/v2\/types\/page"}],"author":[{"embeddable":true,"href":"https:\/\/www.bytopia.dk\/blog\/wp-json\/wp\/v2\/users\/3"}],"replies":[{"embeddable":true,"href":"https:\/\/www.bytopia.dk\/blog\/wp-json\/wp\/v2\/comments?post=639"}],"version-history":[{"count":15,"href":"https:\/\/www.bytopia.dk\/blog\/wp-json\/wp\/v2\/pages\/639\/revisions"}],"predecessor-version":[{"id":1531,"href":"https:\/\/www.bytopia.dk\/blog\/wp-json\/wp\/v2\/pages\/639\/revisions\/1531"}],"wp:attachment":[{"href":"https:\/\/www.bytopia.dk\/blog\/wp-json\/wp\/v2\/media?parent=639"}],"curies":[{"name":"wp","href":"https:\/\/api.w.org\/{rel}","templated":true}]}}